{"id":1255,"date":"2022-11-11T14:11:37","date_gmt":"2022-11-11T12:11:37","guid":{"rendered":"http:\/\/serejoindre.fr\/?page_id=1255"},"modified":"2023-02-17T13:50:47","modified_gmt":"2023-02-17T11:50:47","slug":"nous-contacter-2","status":"publish","type":"page","link":"http:\/\/serejoindre.fr\/?page_id=1255","title":{"rendered":"Nous conna\u00eetre"},"content":{"rendered":"\n<div class=\"wp-block-cover alignfull is-light has-custom-content-position is-position-bottom-center sr-banniere\" style=\"padding-top:0px;padding-right:0px;padding-bottom:0px;padding-left:0px;min-height:400px;aspect-ratio:unset;\"><span aria-hidden=\"true\" class=\"wp-block-cover__background has-background-dim-30 has-background-dim wp-block-cover__gradient-background has-background-gradient\" style=\"background:linear-gradient(135deg,rgb(253,248,241) 0%,rgb(0,0,0) 47%,rgb(253,248,241) 100%)\"><\/span><img loading=\"lazy\" decoding=\"async\" width=\"2000\" height=\"835\" class=\"wp-block-cover__image-background wp-image-1988\" alt=\"\" src=\"http:\/\/serejoindre.fr\/wp-content\/uploads\/2022\/12\/bandeau_NC.png\" data-object-fit=\"cover\" srcset=\"http:\/\/serejoindre.fr\/wp-content\/uploads\/2022\/12\/bandeau_NC.png 2000w, http:\/\/serejoindre.fr\/wp-content\/uploads\/2022\/12\/bandeau_NC-300x125.png 300w, http:\/\/serejoindre.fr\/wp-content\/uploads\/2022\/12\/bandeau_NC-1024x428.png 1024w, http:\/\/serejoindre.fr\/wp-content\/uploads\/2022\/12\/bandeau_NC-768x321.png 768w, http:\/\/serejoindre.fr\/wp-content\/uploads\/2022\/12\/bandeau_NC-1536x641.png 1536w\" sizes=\"auto, (max-width: 2000px) 100vw, 2000px\" \/><div class=\"wp-block-cover__inner-container is-layout-flow wp-block-cover-is-layout-flow\">\n<h1 class=\"has-text-align-center has-text-color has-background wp-block-heading\" style=\"color:#fdf8f1;background-color:#ffffff00;margin-top:0px;margin-right:0px;margin-bottom:0px;margin-left:0px\"><strong>Nous conna\u00eetre<\/strong><\/h1>\n<\/div><\/div>\n\n\n\n<div class=\"wp-block-columns alignwide is-layout-flex wp-container-core-columns-is-layout-28f84493 wp-block-columns-is-layout-flex\">\n<div class=\"wp-block-column is-layout-flow wp-block-column-is-layout-flow\" style=\"padding-right:0.5em;flex-basis:50%\">\n<div class=\"wp-block-media-text alignwide is-stacked-on-mobile is-vertically-aligned-top\" style=\"margin-bottom:1em\"><figure class=\"wp-block-media-text__media\"><img loading=\"lazy\" decoding=\"async\" width=\"1024\" height=\"1024\" src=\"http:\/\/serejoindre.fr\/wp-content\/uploads\/2023\/01\/edwige_cercle3-1024x1024.png\" alt=\"\" class=\"wp-image-2126 size-full\" srcset=\"http:\/\/serejoindre.fr\/wp-content\/uploads\/2023\/01\/edwige_cercle3.png 1024w, http:\/\/serejoindre.fr\/wp-content\/uploads\/2023\/01\/edwige_cercle3-300x300.png 300w, http:\/\/serejoindre.fr\/wp-content\/uploads\/2023\/01\/edwige_cercle3-150x150.png 150w, http:\/\/serejoindre.fr\/wp-content\/uploads\/2023\/01\/edwige_cercle3-768x768.png 768w\" sizes=\"auto, (max-width: 1024px) 100vw, 1024px\" \/><\/figure><div class=\"wp-block-media-text__content\">\n<h2 class=\"has-text-color wp-block-heading\" style=\"color:#c1504d\">Edwige Grouin<\/h2>\n<\/div><\/div>\n\n\n\n<div class=\"wp-block-uagb-container uagb-block-b849be41 alignfull uagb-is-root-container\"><div class=\"uagb-container-inner-blocks-wrap\">\n<p class=\"SR_justify\" style=\"line-height:1.5\">J\u2019ai toujours appr\u00e9ci\u00e9 d\u00e9couvrir de nouvelles personnes et tisser des liens, percevoir \u00e0 travers le comportement de chacun sa qualit\u00e9 d\u2019\u00eatre.<br>Avocate puis juriste pendant dix ans, j\u2019ai souvent \u00e9t\u00e9 confront\u00e9e \u00e0 des situations relationnelles d\u00e9licates et j\u2019ai souhait\u00e9 qu\u2019elles deviennent une opportunit\u00e9 d\u2019\u00e9volution et de croissance. J\u2019ai aussi anim\u00e9 de nombreuses formations professionnelles et suis convaincue de l\u2019importance de la transmission, du partage et de l\u2019accompagnement.<\/p>\n\n\n\n<p class=\"SR_justify\" style=\"line-height:1.5\">Maman de 4 gar\u00e7ons, je peux dire que les Ateliers Gordon Parents ont chang\u00e9 ma fa\u00e7on d\u2019\u00eatre avec mes enfants en m&rsquo;apportant plus de s\u00e9r\u00e9nit\u00e9 et de plaisir dans la relation avec eux. Dans l\u2019approche propos\u00e9e par Thomas Gordon, j\u2019appr\u00e9cie particuli\u00e8rement la fa\u00e7on de prendre en compte les besoins de chacun tout en pr\u00e9servant la qualit\u00e9 de la relation.<\/p>\n\n\n\n<p class=\"SR_justify\" style=\"line-height:1.5\">Formatrice Gordon depuis 2019, j\u2019anime des ateliers pour les parents, pour les jeunes &#8211; notamment dans le cadre de coll\u00e8ges des Yvelines -, et pour les professionnels de l\u2019enfance et de la jeunesse. Je suis heureuse de transmettre ces outils qui aident \u00e0 un mieux vivre ensemble.<\/p>\n<\/div><\/div>\n\n\n\n<div class=\"wp-block-buttons is-content-justification-center is-layout-flex wp-container-core-buttons-is-layout-a89b3969 wp-block-buttons-is-layout-flex\">\n<div class=\"wp-block-button\"><a class=\"wp-block-button__link wp-element-button\" href=\"http:\/\/serejoindre.fr\/?page_id=903\">Contacter Edwige<\/a><\/div>\n<\/div>\n<\/div>\n\n\n\n<div class=\"wp-block-column is-layout-flow wp-block-column-is-layout-flow\" style=\"padding-left:0.5em;flex-basis:50%\">\n<div class=\"wp-block-media-text alignwide has-media-on-the-right is-stacked-on-mobile is-vertically-aligned-bottom\" style=\"margin-bottom:1em\"><div class=\"wp-block-media-text__content\">\n<h2 class=\"has-text-align-right has-text-color wp-block-heading\" style=\"color:#c1504d\">Alexandrine Pellet<\/h2>\n<\/div><figure class=\"wp-block-media-text__media\"><img loading=\"lazy\" decoding=\"async\" width=\"1024\" height=\"1024\" src=\"http:\/\/serejoindre.fr\/wp-content\/uploads\/2022\/11\/alexandrine_cercle2-1024x1024.png\" alt=\"\" class=\"wp-image-1518 size-full\" srcset=\"http:\/\/serejoindre.fr\/wp-content\/uploads\/2022\/11\/alexandrine_cercle2-1024x1024.png 1024w, http:\/\/serejoindre.fr\/wp-content\/uploads\/2022\/11\/alexandrine_cercle2-300x300.png 300w, http:\/\/serejoindre.fr\/wp-content\/uploads\/2022\/11\/alexandrine_cercle2-150x150.png 150w, http:\/\/serejoindre.fr\/wp-content\/uploads\/2022\/11\/alexandrine_cercle2-768x768.png 768w, http:\/\/serejoindre.fr\/wp-content\/uploads\/2022\/11\/alexandrine_cercle2-1536x1536.png 1536w, http:\/\/serejoindre.fr\/wp-content\/uploads\/2022\/11\/alexandrine_cercle2.png 2000w\" sizes=\"auto, (max-width: 1024px) 100vw, 1024px\" \/><\/figure><\/div>\n\n\n\n<div class=\"wp-block-uagb-container uagb-block-b7a13331 alignfull uagb-is-root-container\"><div class=\"uagb-container-inner-blocks-wrap\">\n<p class=\"SR_justify\" style=\"margin-bottom:0;line-height:1.4\">J\u2019ai grandi dans une famille aimante : l\u2019\u00e9coute \u00e9tait pr\u00e9sente, et la parole assez libre, m\u00eame si elle \u00e9tait parfois maladroite. J\u2019y ai appris \u00e0 prendre soin des autres et d\u00e9velopp\u00e9 le go\u00fbt du travail. <\/p>\n\n\n\n<p class=\"SR_justify\" style=\"margin-top:0em;margin-bottom:0;line-height:1.4\">Pharmacienne biologiste pendant 15 ans, j\u2019ai particuli\u00e8rement appr\u00e9ci\u00e9 d\u2019accompagner les patients et les m\u00e9decins. Puis je suis devenue professeure de yoga et formatrice en communication bienveillante et efficace. Travailler \u00e0 embellir les liens qui nous font vivre &#8211; ceux qui nous relient \u00e0 nous-m\u00eame et ceux qui nous relient aux autres &#8211; est pour moi une source de joie.<\/p>\n\n\n\n<p class=\"SR_justify\" style=\"margin-top:0em;margin-bottom:0;line-height:1.4\">En fondant une famille j\u2019ai d\u00e9couvert combien il faut de savoir-faire pour prendre soin de la relation et aider chacun \u00e0 d\u00e9velopper ses qualit\u00e9s relationnelles. Avec la communication efficace selon l\u2019approche de Thomas Gordon, j\u2019ai appris \u00e0 me r\u00e9v\u00e9ler avec authenticit\u00e9, \u00e0 \u00e9couter vraiment ce que les autres vivent de l\u2019int\u00e9rieur, et \u00e0 voir les conflits comme une opportunit\u00e9 de mieux se comprendre et s\u2019accepter. Avec le yoga, j\u2019ai appris \u00e0 \u00eatre plus consciente de mes ressentis. <\/p>\n\n\n\n<p class=\"SR_justify\" style=\"margin-top:0em;margin-bottom:0;line-height:1.4\">Partager la philosophie de Thomas Gordon et le yoga avec vous, c\u2019est pour moi ouvrir un espace qui permet \u00e0 chacun de d\u00e9velopper une belle pr\u00e9sence aux autres et au monde. C\u2019est aussi faire partie d\u2019une cha\u00eene humaine qui contribue \u00e0 la qualit\u00e9 de vie sur cette plan\u00e8te.<\/p>\n<\/div><\/div>\n\n\n\n<div class=\"wp-block-buttons is-content-justification-center is-layout-flex wp-container-core-buttons-is-layout-a89b3969 wp-block-buttons-is-layout-flex\">\n<div class=\"wp-block-button\"><a class=\"wp-block-button__link wp-element-button\" href=\"http:\/\/serejoindre.fr\/?page_id=903\">Contacter Alexandrine<\/a><\/div>\n<\/div>\n<\/div>\n<\/div>\n","protected":false},"excerpt":{"rendered":"<p>Edwige Grouin J\u2019ai toujours appr\u00e9ci\u00e9 d\u00e9couvrir de nouvelles personnes et tisser des liens, percevoir \u00e0 travers le comportement de chacun sa qualit\u00e9 d\u2019\u00eatre.Avocate puis juriste pendant dix ans, j\u2019ai souvent \u00e9t\u00e9 confront\u00e9e \u00e0 des situations relationnelles d\u00e9licates et j\u2019ai souhait\u00e9 qu\u2019elles deviennent une opportunit\u00e9 d\u2019\u00e9volution et de croissance. J\u2019ai aussi anim\u00e9 de nombreuses formations professionnelles [&hellip;]<\/p>\n","protected":false},"author":2,"featured_media":0,"parent":0,"menu_order":0,"comment_status":"closed","ping_status":"closed","template":"","meta":{"om_disable_all_campaigns":false,"_uag_custom_page_level_css":"","site-sidebar-layout":"default","site-content-layout":"","ast-site-content-layout":"","site-content-style":"default","site-sidebar-style":"default","ast-global-header-display":"","ast-banner-title-visibility":"","ast-main-header-display":"","ast-hfb-above-header-display":"","ast-hfb-below-header-display":"","ast-hfb-mobile-header-display":"","site-post-title":"disabled","ast-breadcrumbs-content":"","ast-featured-img":"","footer-sml-layout":"","theme-transparent-header-meta":"","adv-header-id-meta":"","stick-header-meta":"","header-above-stick-meta":"","header-main-stick-meta":"","header-below-stick-meta":"","astra-migrate-meta-layouts":"default","ast-page-background-enabled":"default","ast-page-background-meta":{"desktop":{"background-color":"var(--ast-global-color-4)","background-image":"","background-repeat":"repeat","background-position":"center center","background-size":"auto","background-attachment":"scroll","background-type":"","background-media":"","overlay-type":"","overlay-color":"","overlay-opacity":"","overlay-gradient":""},"tablet":{"background-color":"","background-image":"","background-repeat":"repeat","background-position":"center center","background-size":"auto","background-attachment":"scroll","background-type":"","background-media":"","overlay-type":"","overlay-color":"","overlay-opacity":"","overlay-gradient":""},"mobile":{"background-color":"","background-image":"","background-repeat":"repeat","background-position":"center center","background-size":"auto","background-attachment":"scroll","background-type":"","background-media":"","overlay-type":"","overlay-color":"","overlay-opacity":"","overlay-gradient":""}},"ast-content-background-meta":{"desktop":{"background-color":"var(--ast-global-color-5)","background-image":"","background-repeat":"repeat","background-position":"center center","background-size":"auto","background-attachment":"scroll","background-type":"","background-media":"","overlay-type":"","overlay-color":"","overlay-opacity":"","overlay-gradient":""},"tablet":{"background-color":"var(--ast-global-color-5)","background-image":"","background-repeat":"repeat","background-position":"center center","background-size":"auto","background-attachment":"scroll","background-type":"","background-media":"","overlay-type":"","overlay-color":"","overlay-opacity":"","overlay-gradient":""},"mobile":{"background-color":"var(--ast-global-color-5)","background-image":"","background-repeat":"repeat","background-position":"center center","background-size":"auto","background-attachment":"scroll","background-type":"","background-media":"","overlay-type":"","overlay-color":"","overlay-opacity":"","overlay-gradient":""}},"footnotes":""},"class_list":["post-1255","page","type-page","status-publish","hentry"],"aioseo_notices":[],"uagb_featured_image_src":{"full":false,"thumbnail":false,"medium":false,"medium_large":false,"large":false,"1536x1536":false,"2048x2048":false},"uagb_author_info":{"display_name":"Sara Momplot","author_link":"http:\/\/serejoindre.fr\/?author=2"},"uagb_comment_info":0,"uagb_excerpt":"Edwige Grouin J\u2019ai toujours appr\u00e9ci\u00e9 d\u00e9couvrir de nouvelles personnes et tisser des liens, percevoir \u00e0 travers le comportement de chacun sa qualit\u00e9 d\u2019\u00eatre.Avocate puis juriste pendant dix ans, j\u2019ai souvent \u00e9t\u00e9 confront\u00e9e \u00e0 des situations relationnelles d\u00e9licates et j\u2019ai souhait\u00e9 qu\u2019elles deviennent une opportunit\u00e9 d\u2019\u00e9volution et de croissance. J\u2019ai aussi anim\u00e9 de nombreuses formations professionnelles\u2026","_links":{"self":[{"href":"http:\/\/serejoindre.fr\/index.php?rest_route=\/wp\/v2\/pages\/1255","targetHints":{"allow":["GET"]}}],"collection":[{"href":"http:\/\/serejoindre.fr\/index.php?rest_route=\/wp\/v2\/pages"}],"about":[{"href":"http:\/\/serejoindre.fr\/index.php?rest_route=\/wp\/v2\/types\/page"}],"author":[{"embeddable":true,"href":"http:\/\/serejoindre.fr\/index.php?rest_route=\/wp\/v2\/users\/2"}],"replies":[{"embeddable":true,"href":"http:\/\/serejoindre.fr\/index.php?rest_route=%2Fwp%2Fv2%2Fcomments&post=1255"}],"version-history":[{"count":25,"href":"http:\/\/serejoindre.fr\/index.php?rest_route=\/wp\/v2\/pages\/1255\/revisions"}],"predecessor-version":[{"id":2934,"href":"http:\/\/serejoindre.fr\/index.php?rest_route=\/wp\/v2\/pages\/1255\/revisions\/2934"}],"wp:attachment":[{"href":"http:\/\/serejoindre.fr\/index.php?rest_route=%2Fwp%2Fv2%2Fmedia&parent=1255"}],"curies":[{"name":"wp","href":"https:\/\/api.w.org\/{rel}","templated":true}]}}